{"id":20,"date":"2013-04-21T13:19:17","date_gmt":"2013-04-21T11:19:17","guid":{"rendered":"http:\/\/www.floradekor.com\/?page_id=20"},"modified":"2020-11-20T11:06:16","modified_gmt":"2020-11-20T10:06:16","slug":"tradgardvux","status":"publish","type":"page","link":"http:\/\/www.floradekor.com\/?page_id=20","title":{"rendered":"Tr\u00e4dg\u00e5rd och Design (VUX)"},"content":{"rendered":"<div id=\"toc_container\" class=\"toc_wrap_right no_bullets\"><p class=\"toc_title\">Inneh&aring;ll<\/p><ul class=\"toc_list\"><li><a href=\"#Kurstider\"><span class=\"toc_number toc_depth_1\">1<\/span> Kurstider<\/a><\/li><li><a href=\"#Laroplan_Tradgard_och_Design\"><span class=\"toc_number toc_depth_1\">2<\/span> L\u00e4roplan Tr\u00e4dg\u00e5rd och Design<\/a><\/li><li><a href=\"#Kostnad\"><span class=\"toc_number toc_depth_1\">3<\/span> Kostnad<\/a><\/li><\/ul><\/div>\n<p>Tr\u00e4dg\u00e5rd och Design \u00e4r en specialutformad grundl\u00e4ggande yrkesutbildning p\u00e5 40 veckor med en naturn\u00e4ra, ekologisk inriktning.<br \/>\nUtbildningen kan leda vidare till arbete inom tr\u00e4dg\u00e5rd och design, handelstr\u00e4dg\u00e5rd, odling, stadens uterum, florist\u00a0eller starta eget f\u00f6retag.<br \/>\nUtbildningen tr\u00e4dg\u00e5rd och design \u00e4r till f\u00f6r dig som tycker om att planera, sk\u00f6ta\/v\u00e5rda, designa och skapa milj\u00f6er med hj\u00e4lp av v\u00e4xter, tr\u00e4d, vatten, stenar mm.<\/p>\n<p><img decoding=\"async\" loading=\"lazy\" class=\"size-full wp-image-630 aligncenter\" src=\"http:\/\/www.floradekor.com\/wp-content\/uploads\/2014\/07\/tradgarddesign40_2.jpg\" alt=\"tradgarddesign40_2\" width=\"490\" height=\"328\" srcset=\"http:\/\/www.floradekor.com\/wp-content\/uploads\/2014\/07\/tradgarddesign40_2.jpg 490w, http:\/\/www.floradekor.com\/wp-content\/uploads\/2014\/07\/tradgarddesign40_2-450x301.jpg 450w\" sizes=\"(max-width: 490px) 100vw, 490px\" \/><\/p>\n<p>Det som g\u00f6r Flora Dekor s\u00e5 unikt \u00e4r utarbetningen av kurserna tr\u00e4dg\u00e5rdsdesign, f\u00e4rg och form och kultur och stil i tr\u00e4dg\u00e5rden.<\/p>\n<p>F\u00f6r att f\u00e5 en bra inblick i ett f\u00f6retag eller starta ett eget f\u00f6retag l\u00e4ser du f\u00f6retagsekonomi och marknadsf\u00f6ring.<\/p>\n<p>Tonvikten kommer att l\u00e4ggas p\u00e5 tr\u00e4dg\u00e5rdsdesign. Du ska efter avslutad utbildning kunna hj\u00e4lpa privatpersoner, f\u00f6retag och kommuner med att designa en markyta. Utf\u00f6randet ska vara tilltalande men \u00e4ven fungera i verkligheten med tanke p\u00e5 v\u00e4xtmaterial. Du ska kunna presentera f\u00f6rslaget p\u00e5 ett tilltalande och l\u00e4ttf\u00f6rst\u00e5ligt s\u00e4tt, och kunna s\u00e4lja din ide.<\/p>\n<p>Du ska ocks\u00e5 ha en f\u00f6rst\u00e5else f\u00f6r hur anl\u00e4ggningsarbetet genomf\u00f6rs och kunna anl\u00e4gga vissa delar av en tr\u00e4dg\u00e5rd t ex en perennrabatt, i viss m\u00e5n stenanl\u00e4ggningar, plantering av tr\u00e4d och buskar och plantering av sommarblommor.<\/p>\n<p>Ut\u00f6ver skolans tr\u00e4dg\u00e5rd har vi ett samarbetar med Alings\u00e5s Kommun, stadens uterum, men \u00e4ven projektet Nolhaga Tr\u00e4dg\u00e5rd. D\u00e4r har du som elev tillg\u00e5ng till parker och ytor att utf\u00f6ra verkliga projekt.<\/p>\n<p>P\u00e5 Flora Dekor har du en underbar milj\u00f6 att l\u00e4ra dig i. Du har stora m\u00f6jligheter att utveckla dina egna id\u00e9er och tankar. Vi uppmuntrar v\u00e5ra elever att t\u00e4nka stort och fritt och ger m\u00f6jligheten att f\u00e5 prova sina id\u00e9er. F\u00f6r oss \u00e4r det sj\u00e4lvklart att varva l\u00e4randet praktiskt och teoretiskt. Vi vet av erfarenhet att f\u00e5 arbeta praktiskt ger ett maximalt l\u00e4rande. V\u00e5r m\u00e5ls\u00e4ttning \u00e4r att med omtanke, bra pedagogik och personlig service, f\u00f6rmedla kunskap inom yrket samt att utarbeta individuella l\u00f6sningar f\u00f6r alla v\u00e5ra elever.<\/p>\n<p><img decoding=\"async\" loading=\"lazy\" class=\"aligncenter size-full wp-image-620\" src=\"http:\/\/www.floradekor.com\/wp-content\/uploads\/2014\/06\/boende4.jpg\" alt=\"boende4\" width=\"606\" height=\"388\" srcset=\"http:\/\/www.floradekor.com\/wp-content\/uploads\/2014\/06\/boende4.jpg 606w, http:\/\/www.floradekor.com\/wp-content\/uploads\/2014\/06\/boende4-450x288.jpg 450w\" sizes=\"(max-width: 606px) 100vw, 606px\" \/><\/p>\n<p>Vi t\u00e4nker p\u00e5 framtiden och enligt forskning ger en gr\u00f6n och f\u00e4rgglad yta gl\u00e4dje, lycka och k\u00e4rlek. Vad kan vara b\u00e4ttre f\u00f6r oss m\u00e4nniskor om inte en tr\u00e4dg\u00e5rd f\u00f6r alla sinnen. Vi vill i denna utbildning f\u00f6rmedla hur v\u00e4xter och natur kan p\u00e5verka oss m\u00e4nniskor till en b\u00e4ttre h\u00e4lsa. Inte minst viktigt \u00e4r detta inom sjukv\u00e5rd, rehabilitering och \u00e4ldreomsorg. Genom n\u00e4rheten till gr\u00f6nska och natur st\u00e4rks livsgl\u00e4djen och vi blir friskare betydligt fortare. Genom att utbilda dig hoppas vi att kunna g\u00f6ra en insats f\u00f6r framtiden.<\/p>\n<p>Tveka inte att s\u00f6ka. Den kunskap du f\u00e5r p\u00e5 Flora Dekor, Tr\u00e4dg\u00e5rd och design har du anv\u00e4ndning f\u00f6r hela livet, b\u00e5de yrkesm\u00e4ssigt men \u00e4ven som privatperson med ett intresse f\u00f6r tr\u00e4dg\u00e5rd.<\/p>\n<p><b>Ans\u00f6kan<\/b><br \/>\nAns\u00f6kan tas emot i turordning, s\u00e5 skicka ans\u00f6kan i god tid! Ans\u00f6kan skall g\u00f6ras skriftligen.<\/p>\n<h2><span id=\"Kurstider\">Kurstider<\/span><\/h2>\n<p>Kurstiderna g\u00e4ller ett l\u00e4s\u00e5r &#8211; 40 veckor.<\/p>\n<p><i><b>Anm\u00e4lan tas emot i turordning, s\u00e5 skicka anm\u00e4lan i god tid.<\/b><\/i><\/p>\n<p><b>Plats<\/b><\/p>\n<p>Hol, lantlig skola en mil norr om Alings\u00e5s.<\/p>\n<p><b>Godk\u00e4nd friskola<\/b><br \/>\nUtbildningen drivs av en privat<\/p>\n<h2><span id=\"Laroplan_Tradgard_och_Design\">L\u00e4roplan Tr\u00e4dg\u00e5rd och Design<\/span><\/h2>\n<p>L\u00e4roplan med yrkesinriktning till Tr\u00e4dg\u00e5rd och Design, 40 veckor. Specialutformad yrkesutbildning f\u00f6r tr\u00e4dg\u00e5rdsdesigners med naturn\u00e4ra, ekologisk inriktning.<\/p>\n<table border=\"1\" width=\"490\" cellspacing=\"0\" cellpadding=\"3\">\n<tbody>\n<tr bgcolor=\"#bc9b58\">\n<td class=\"text2\"><b>Kurs<\/b><\/td>\n<td class=\"text2\"><b>Timmar<\/b><\/td>\n<\/tr>\n<tr bgcolor=\"#f6dda7\">\n<td class=\"text2\">V\u00e4xtkunskap<\/td>\n<td class=\"text2\">150<\/td>\n<\/tr>\n<tr bgcolor=\"#d5bd88\">\n<td class=\"text2\">Tr\u00e4dg\u00e5rdsanl\u00e4ggning, grund<\/td>\n<td class=\"text2\">150<\/td>\n<\/tr>\n<tr bgcolor=\"#f6dda7\">\n<td class=\"text2\">Tr\u00e4dg\u00e5rdsplanering<\/td>\n<td class=\"text2\">100<\/td>\n<\/tr>\n<tr bgcolor=\"#d5bd88\">\n<td class=\"text2\">Tr\u00e4dg\u00e5rdsodling, grund<\/td>\n<td class=\"text2\">150<\/td>\n<\/tr>\n<tr bgcolor=\"#f6dda7\">\n<td class=\"text2\">Plantskolesk\u00f6tsel<\/td>\n<td class=\"text2\">50<\/td>\n<\/tr>\n<tr bgcolor=\"#d5bd88\">\n<td class=\"text2\">Naturbruk basmaskin, k\u00f6rning<\/td>\n<td class=\"text2\">50<\/td>\n<\/tr>\n<tr bgcolor=\"#f6dda7\">\n<td class=\"text2\">Besk\u00e4rning<\/td>\n<td class=\"text2\">50<\/td>\n<\/tr>\n<tr bgcolor=\"#d5bd88\">\n<td class=\"text2\">Natursten, dammar och vattenfall<\/td>\n<td class=\"text2\">50<\/td>\n<\/tr>\n<tr bgcolor=\"#f6dda7\">\n<td class=\"text2\">Gardencenter<\/td>\n<td class=\"text2\">50<\/td>\n<\/tr>\n<tr bgcolor=\"#d5bd88\">\n<td class=\"text2\">F\u00f6retagsekonomi<\/td>\n<td class=\"text2\">50<\/td>\n<\/tr>\n<tr bgcolor=\"#f6dda7\">\n<td class=\"text2\">Marknadsf\u00f6ring<\/td>\n<td class=\"text2\">50<\/td>\n<\/tr>\n<tr bgcolor=\"#d5bd88\">\n<td class=\"text2\">Projektarbete<\/td>\n<td class=\"text2\">50<\/td>\n<\/tr>\n<tr bgcolor=\"#f6dda7\">\n<td class=\"text2\">F\u00e4rg och form<\/td>\n<td class=\"text2\">50<\/td>\n<\/tr>\n<tr bgcolor=\"#d5bd88\">\n<td class=\"text2\">Kultur och stil i tr\u00e4dg\u00e5rden<\/td>\n<td class=\"text2\">50<\/td>\n<\/tr>\n<tr bgcolor=\"#f6dda7\">\n<td class=\"text2\">Sinnenas tr\u00e4dg\u00e5rd<\/td>\n<td class=\"text2\">50<\/td>\n<\/tr>\n<tr bgcolor=\"#d5bd88\">\n<td class=\"text2\">Stadens uterum<\/td>\n<td class=\"text2\">50<\/td>\n<\/tr>\n<tr bgcolor=\"#f6dda7\">\n<td class=\"text2\">Hantverk och design<\/td>\n<td class=\"text2\">50<\/td>\n<\/tr>\n<tr bgcolor=\"#d5bd88\">\n<td class=\"text2\"><\/td>\n<td class=\"text2\"><\/td>\n<\/tr>\n<tr bgcolor=\"#f6dda7\">\n<td class=\"text2\"><b>Timmar totalt *ca:<\/b><\/td>\n<td class=\"text2\">1.150<\/td>\n<\/tr>\n<\/tbody>\n<\/table>\n<p><i class=\"text2\">APU ing\u00e5r i ovanst\u00e5ende kurser.<\/i><\/p>\n<h2><span id=\"Kostnad\">Kostnad<\/span><\/h2>\n<p><b>Kostnad per termin f\u00f6r Tr\u00e4dg\u00e5rd och Design<\/b>\u00a0\u00e4r 55.000 kr (totalt 110.000 kr\/l\u00e4s\u00e5r). Kursavgiften betalas terminsvis vid kursstart.<br \/>\nI kurskostnaden ing\u00e5r allt du beh\u00f6ver till kursen. Kurskompendium, bruk av referenslitteratur, verktyg och v\u00e4xtmaterial. Studiebes\u00f6k till inspirerande parker och tr\u00e4dg\u00e5rdar i Sverige och Danmark. F\u00f6rel\u00e4sare med specialkompetens inom sitt kunskapsomr\u00e5de m.m.<br \/>\nSkriv och ritningsmaterial ink\u00f6ps av eleven sj\u00e4lv eller kan k\u00f6pas p\u00e5 skolan. Kostnad f\u00f6r kopiering tillkommer. Ber\u00e4knad kostnad ca 450 kr.<\/p>\n<p><b>Lunch:<\/b> Det finns m\u00f6jligheter att best\u00e4lla lunch. Kostnaden \u00e4r 39 kr\/m\u00e5ltid.<\/p>\n<p>Det finns m\u00e5nga olika s\u00e4tt att finansiera sina studier. H\u00e4r nedan ger vi n\u00e5gra f\u00f6rslag p\u00e5 finansiering.<\/p>\n<p><b>Privat finansiering:<\/b> Vi har flera elever som finansierar utbildningen p\u00e5 egen hand med sparade medel, eller hj\u00e4lp fr\u00e5n annat h\u00e5ll. Bankerna \u00e4r idag mera \u00f6ppna f\u00f6r f\u00f6rhandlingar n\u00e4r det g\u00e4ller r\u00e4ntor och avbetalningstider. Tag kontakt med din lokala bank.<br \/>\nVi har ocks\u00e5 elever som s\u00f6kt fri\u00e5r och har en del av sin tidigare l\u00f6n som inkomst under studie\u00e5ret. Mer information om fri\u00e5r kan du f\u00e5 p\u00e5 arbetsf\u00f6rmedlingen.<\/p>\n<p><b>Har ni fr\u00e5gor om CSN<\/b>, kontakta rektor Anette Limstrand p\u00e5 telefon 0322-63 01 52 (tisdag, torsdag och fredag).<\/p>\n<p><b>Arbetsf\u00f6rmedlingen:<\/b> Om du \u00e4r arbetsl\u00f6s finns det ocks\u00e5 en m\u00f6jlighet att s\u00f6ka via arbetsf\u00f6rmedlingen eller f\u00f6rs\u00e4kringskassan. Observera att det g\u00f6rs en enskild pr\u00f6vning f\u00f6r varje s\u00f6kande d\u00e4r m\u00e5nga f\u00f6ruts\u00e4ttningar v\u00e4gs in. Saker som kan p\u00e5verka beslut \u00e4r om vilka f\u00f6ruts\u00e4ttningar du har att bli duktig i ditt yrke. Arbetsf\u00f6rmedlingen ser ocks\u00e5 p\u00e5 behovet av blomsterdekorat\u00f6rer med ekologisk inriktning p\u00e5 marknaden.<\/p>\n<p>Vi som utbildar upplever fr\u00e5n blomsterbutiker och branschorganisationer att det idag \u00e4r brist p\u00e5 f\u00e4rdigutbildade blomsterdekorat\u00f6rer med milj\u00f6inriktning, men d\u00e4remot kan det vara m\u00e5nga som bara g\u00e5tt kortare kurser och inte genomf\u00f6rt hela sin utbildning av olika anledningar. Idag \u00e4r det m\u00e5nga som konkurrerar om lediga platser inom alla branscher och d\u00e5 g\u00e4ller det att vara s\u00e5 kompetent som m\u00f6jligt i sitt yrke.<\/p>\n<p><b>\u00c4r det risk f\u00f6r upps\u00e4gning?:<\/b> Har du f\u00e5tt varsel om upps\u00e4gning, prata med din arbetsgivare eller fackf\u00f6rening om arbetsgivaren kan hj\u00e4lpa dig att finansiera din utbildning. Vissa f\u00f6retag har ocks\u00e5 en f\u00f6rs\u00e4kring genom trygghetsfonden. Detta \u00e4r en f\u00f6rs\u00e4kring som t\u00e4cker din utbildning. Denna l\u00f6sning kan ibland gynna b\u00e5de arbetsgivare och dig som arbetstagare. P\u00e5 s\u00e5 s\u00e4tt kan du ist\u00e4llet komma ig\u00e5ng med en ny yrkeskarri\u00e4r.<\/p>\n<p><span style=\"border-radius: 2px; text-indent: 20px; width: auto; padding: 0px 4px 0px 0px; text-align: center; font: bold 11px\/20px 'Helvetica Neue',Helvetica,sans-serif; color: #ffffff; background: #bd081c no-repeat scroll 3px 50% \/ 14px 14px; position: absolute; opacity: 1; z-index: 8675309; display: none; cursor: pointer;\">Spara<\/span><\/p>\n<p><span style=\"border-radius: 2px; text-indent: 20px; width: auto; padding: 0px 4px 0px 0px; text-align: center; font: bold 11px\/20px 'Helvetica Neue',Helvetica,sans-serif; color: #ffffff; background: #bd081c no-repeat scroll 3px 50% \/ 14px 14px; position: absolute; opacity: 1; z-index: 8675309; display: none; cursor: pointer; top: 129px; left: 20px;\">Spara<\/span><\/p>\n<!-- AddThis Advanced Settings generic via filter on the_content --><!-- AddThis Share Buttons generic via filter on the_content -->","protected":false},"excerpt":{"rendered":"<p>Inneh&aring;ll1 Kurstider2 L\u00e4roplan Tr\u00e4dg\u00e5rd och Design3 Kostnad Tr\u00e4dg\u00e5rd och Design \u00e4r en specialutformad grundl\u00e4ggande yrkesutbildning p\u00e5 40 veckor med en naturn\u00e4ra, ekologisk inriktning. Utbildningen kan leda vidare till arbete inom tr\u00e4dg\u00e5rd och design, handelstr\u00e4dg\u00e5rd, odling, stadens uterum, florist\u00a0eller starta eget f\u00f6retag. Utbildningen tr\u00e4dg\u00e5rd och design \u00e4r till f\u00f6r dig som tycker om att planera, sk\u00f6ta\/v\u00e5rda, [&hellip;]<!-- AddThis Advanced Settings generic via filter on get_the_excerpt --><!-- AddThis Share Buttons generic via filter on get_the_excerpt --><\/p>\n","protected":false},"author":3,"featured_media":0,"parent":18,"menu_order":0,"comment_status":"closed","ping_status":"closed","template":"","meta":[],"_links":{"self":[{"href":"http:\/\/www.floradekor.com\/index.php?rest_route=\/wp\/v2\/pages\/20"}],"collection":[{"href":"http:\/\/www.floradekor.com\/index.php?rest_route=\/wp\/v2\/pages"}],"about":[{"href":"http:\/\/www.floradekor.com\/index.php?rest_route=\/wp\/v2\/types\/page"}],"author":[{"embeddable":true,"href":"http:\/\/www.floradekor.com\/index.php?rest_route=\/wp\/v2\/users\/3"}],"replies":[{"embeddable":true,"href":"http:\/\/www.floradekor.com\/index.php?rest_route=%2Fwp%2Fv2%2Fcomments&post=20"}],"version-history":[{"count":17,"href":"http:\/\/www.floradekor.com\/index.php?rest_route=\/wp\/v2\/pages\/20\/revisions"}],"predecessor-version":[{"id":1748,"href":"http:\/\/www.floradekor.com\/index.php?rest_route=\/wp\/v2\/pages\/20\/revisions\/1748"}],"up":[{"embeddable":true,"href":"http:\/\/www.floradekor.com\/index.php?rest_route=\/wp\/v2\/pages\/18"}],"wp:attachment":[{"href":"http:\/\/www.floradekor.com\/index.php?rest_route=%2Fwp%2Fv2%2Fmedia&parent=20"}],"curies":[{"name":"wp","href":"https:\/\/api.w.org\/{rel}","templated":true}]}}